{"id":656,"date":"2015-01-30T15:42:51","date_gmt":"2015-01-30T15:42:51","guid":{"rendered":"http:\/\/www.csttropea.it\/faq-2\/"},"modified":"2015-07-01T13:02:09","modified_gmt":"2015-07-01T13:02:09","slug":"faq","status":"publish","type":"page","link":"https:\/\/staging.csttropea.it\/de\/faq\/","title":{"rendered":"FAQ"},"content":{"rendered":"<p>Hier finden Sie die h\u00e4ufigsten Fragen unserer Kunden. Wenn Sie hier keine Antwort auf Ihre Frage finden, z\u00f6gern Sie nicht uns zu kontaktieren! \u00a0<\/p>\n<p>Sie k\u00f6nnen uns jeden Tag unter 0039 0963 611 78, 0039 338 791 55 77 und 0039 339 760 11 24. In den Sommermonaten sind wir von 9-23 Uhr ge\u00f6ffnet (im August bis Mitternacht). Sie k\u00f6nnen uns auch eine E-Mail auf <a href=\"&#109;&#97;&#x69;l&#116;&#x6f;&#x3a;i&#110;&#x66;&#x6f;&#64;&#119;&#x77;&#x77;&#46;&#99;&#x73;&#x74;t&#114;&#x6f;&#x70;e&#97;&#x2e;i&#116;\">&#x69;&#x6e;&#x66;&#x6f;&#64;&#119;&#119;&#119;&#46;cs&#x74;&#x74;&#x72;&#x6f;&#x70;&#101;&#97;&#46;it<\/a> schreiben. Unser Team steht Ihnen zur Verf\u00fcgung um Ihnen Informationen und Beratung in Bezug auf Ausfl\u00fcge, Hotels, Apartments, Villen und spezielle Angebote zu geben.<\/p>\n<p>&nbsp;<\/p>\n<div class=\"su-tabs su-tabs-style-default su-tabs-mobile-stack su-tabs-vertical\" data-active=\"1\" data-scroll-offset=\"0\" data-anchor-in-url=\"no\"><div class=\"su-tabs-nav\"><span class=\"\" data-url=\"\" data-target=\"blank\" tabindex=\"0\" role=\"button\">Allgemeines<\/span><span class=\"\" data-url=\"\" data-target=\"blank\" tabindex=\"0\" role=\"button\">Ausfl\u00fcge<\/span><span class=\"\" data-url=\"\" data-target=\"blank\" tabindex=\"0\" role=\"button\">Apartments\/Hotel<\/span><\/div><div class=\"su-tabs-panes\"><div class=\"su-tabs-pane su-u-clearfix su-u-trim\" data-title=\"Allgemeines\">\n<h2><strong>Allgemeines<\/strong><\/h2>\n<p><strong>Wie k\u00f6nnen wir eines Ihrer Angebote buchen?<\/strong><\/p>\n<p>Die Buchung von jedem unserer Angebote ist sehr einfach. Nachdem Sie Ihren gew\u00fcnschen Service ausgew\u00e4hlt haben k\u00f6nnen Sie uns per E-Mail oder Telefon kontaktieren oder auch pers\u00f6nlich in der Agentur vorbeikommen. Sie k\u00f6nnen uns auch eine Anfrage \u00fcber unser Anfrage-Formular auf unserer Website senden. Dann werden wir die Verf\u00fcgbarkeit \u00fcberpr\u00fcfen, nach einer Anzahlung senden wir Ihnen das Ticket f\u00fcr Ihre gebuchten Service.<\/p>\n<p><strong>\u00a0<\/strong><\/p>\n<p><strong>K\u00f6nnen wir ein Angebot auch per Telefon anfragen und buchen? <\/strong><\/p>\n<p>Ja nat\u00fcrlich, unser Personal steht zu Ihrer Verf\u00fcgung unter den Nummern 0039 0963 611 78, 0039 338 791 55 77 und 0039 339 760 11 24. In der Sommersaison sind wir von 9.00 bis 11.00 Uhr ge\u00f6ffnet (im August bis Mitternacht). Sie k\u00f6nnen uns auch eine E-Mail auf <a href=\"&#x6d;&#x61;&#105;l&#x74;&#x6f;&#58;in&#x66;&#x6f;&#64;w&#x77;&#x77;&#46;&#99;s&#x74;&#x74;&#114;o&#x70;&#x65;&#97;&#46;i&#x74;\">&#x69;&#x6e;&#x66;&#x6f;&#x40;&#x77;&#x77;&#119;&#46;&#99;&#115;&#116;trop&#x65;&#x61;&#x2e;&#x69;&#x74;<\/a> schicken. Unser Team steht Ihnen zur Verf\u00fcgung um Ihnen Informationen und Beratung in Bezug auf Ausfl\u00fcge, Hotels, Apartments, Villen und spezielle Angebote zu geben.<\/p>\n<p><strong>\u00a0<\/strong><\/p>\n<p><strong>Wie funktioniert die Bezahlung?<\/strong><\/p>\n<p><strong>Direkt in der Agentur:<\/strong><\/p>\n<p>Wenn Sie bereits in Tropea angekommen sind, k\u00f6nnen Sie einfach bei der Agentur vorbeikommen, wo Sie in bar oder mit Kreditkarte bezahlen k\u00f6nnen.<\/p>\n<p><strong>Telefon\/E-Mail:<\/strong><\/p>\n<p>Um eine Reservierung per E-Mail\/Telefon zu best\u00e4tigen, m\u00fcssen Sie uns Ihre Kreditkartennummer bekannt geben. Auf diese Weise k\u00f6nnen wir eine Anzahlung beheben, um Ihre Reservierung zu best\u00e4tigen. Im Anschluss werden wir Ihnen das Ticket f\u00fcr den den Service entweder direkt Ihnen per E-Mail zuschicken oder zum Hotel senden (an der Rezeption wird dann Ihr das Ticket ausgedruckt.<\/p>\n<p><strong>Kreditkarte:<\/strong><\/p>\n<p>Sie haben die M\u00f6glichkeit einen Ausflug oder eine Unterkunft auch direkt bei uns in der Agentur mit der Kreditkarte zu bezahlen. Die Alternative ist, dass Sie uns Ihre Kreditkartennummer per Telefon\/E-Mail bekanntgeben und wir den Betrag somit abbuchen. Im Anschluss werden wir Ihnen das Ticket f\u00fcr den den Service entweder direkt Ihnen per E-Mail zuschicken oder zum Hotel senden (an der Rezeption wird dann Ihr das Ticket ausgedruckt.<\/p>\n<p>&nbsp;<\/p>\n<p><strong>Was passiert, wenn wir uns entscheiden, mit der Kreditkarte zu buchen, aber wir unsere Bankdaten nicht bis zu dem angegebenen Termin senden?<\/strong><\/p>\n<p>In dem Fall dass wir keine Bankdaten erhalten, werden wir Sie kontaktieren. Wenn wir dann keine Antwort erhalten, wird die Reservierung automatisch gel\u00f6scht.<\/p>\n<\/div>\n<div class=\"su-tabs-pane su-u-clearfix su-u-trim\" data-title=\"Ausfl\u00fcge\">\n<h2><strong>Ausfl\u00fcge<\/strong><\/h2>\n<p><strong>Wie lange in Vorraus m\u00fcssen wir buchen?<\/strong><\/p>\n<p>Wir empfehlen immer so bald wie m\u00f6glich zu buchen, also sobald Sie entschieden haben einen Ausflug machen zu wollen. Vor allem in den Sommermonaten sind alle Ausfl\u00fcge sehr nachgefragt und es kann schnell passieren, dass die verf\u00fcgbaren Pl\u00e4tze ausgebucht sind.<\/p>\n<p>&nbsp;<\/p>\n<p><strong>Ab wann\/bis wann werden die Auslf\u00fcge auf die \u00c4olischen Inseln durchgef\u00fchrt?<\/strong><\/p>\n<p>Die Ausfl\u00fcge auf die \u00c4olischen Inseln sind von Anfang Mai bis Ende Oktober aktiv.<\/p>\n<p>&nbsp;<\/p>\n<p><strong>Wie bekommen wir das Ticket von CST f\u00fcr unseren gebuchten Ausflug?<\/strong><\/p>\n<p>F\u00fcr jede Reservierung stellen wir Ihnen pers\u00f6nlich ein Ticket aus. Auf diesem Ticket wird auch das Datum sowie die Abfahrtszeit und der Treffpunkt angef\u00fchrt. Wenn Sie per E-Mail\/Telefon buchen, senden wir Ihnen das Ticket auf Ihre E-Mail Adresse oder direkt in Ihr Hotel zu. Gleichzeitig wird die Summe von Ihrer Kreditkarte abgebucht um die Reservierung zu best\u00e4tigen.<\/p>\n<p>&nbsp;<\/p>\n<p><strong>Finden die Bootsausfl\u00fcge auch bei Schlechtwetter statt? <\/strong><\/p>\n<p>Bei Schlechtwetter und zu hohem Seegang kann es sein, dass die Bootsausfl\u00fcge nicht stattfinden. In diesen Fall wird Ihnen nat\u00fcrlich Ihre Anzahlung zur\u00fcckerstattet. Als Alternative haben Sie die M\u00f6glichkeit den Ausflug auch einen anderen Tag zu verschieben.<\/p>\n<p>&nbsp;<\/p>\n<p><strong>Wer kontaktiert uns im Fall einer \u00c4nderung der Abfahrtszeit oder sollte der Ausflug nicht stattfinden?<\/strong><\/p>\n<p>In diesem Fall werden wir Sie anrufen oder an der Rezeption Ihres Hotels eine Nachricht hinterlassen. \u00a0<\/p>\n<p>&nbsp;<\/p>\n<p><strong>Wieso m\u00fcssen wir bei einer Reservierung bei CST unser Hotel, die Zimmernummer und unsere private Telefonnummer bekanntgeben? <\/strong><\/p>\n<p>Im Fall von Schlechtwetter oder \u00c4nderungen im Programm haben wir somit die M\u00f6glichkeit Sie pers\u00f6nlich zu kontaktieren und Sie zu informieren.<\/p>\n<p>&nbsp;<\/p>\n<p><strong>K\u00f6nnen Sie auch ein Angebot laut unserer W\u00fcnsche zusammenstellen?<\/strong><\/p>\n<p>Ja, nat\u00fcrlich! Sie k\u00f6nnen uns eine E-Mail schreiben oder uns mit dem komfortablen Anfrage-Formular auf unserer Website kontaktieren. Wir stellen Ihnen dann ein auf Ihre W\u00fcnsche angefertigtes Angebot zusammen.<\/p>\n<p>&nbsp;<\/p>\n<p><strong>Ist es m\u00f6glich auch f\u00fcr eine ganze Gruppe zu buchen?<\/strong><\/p>\n<p>Wir finden f\u00fcr alle speziellen Anfragen eine L\u00f6sung. Kontaktieren Sie uns einfach per E-Mail oder Telefon und wir senden Ihnen ein Angebot.<\/p>\n<p>&nbsp;<\/p>\n<p><strong>Gibt es Rabatte f\u00fcr Kinder? Bis zu welchem Alter? <\/strong><\/p>\n<p>F\u00fcr fast alle unserer Angebote bieten wir auch einen Kinderpreis (4-12 Jahre). Kinder unter 4 Jahre zahlen nicht.<\/p>\n<\/div>\n<div class=\"su-tabs-pane su-u-clearfix su-u-trim\" data-title=\"Apartments\/Hotel\">\n<h2><strong>Apartments\/Hotel<\/strong><\/h2>\n<p><strong>Wie machen wir eine Anfrage f\u00fcr ein Hotel oder Apartment? <\/strong><\/p>\n<p>Nachdem Sie sich f\u00fcr einen Zeitraum und ein Apartment\/Hotel entschieden haben, k\u00f6nnen Sie uns per E-Mail, Telefon oder mit unserem komfortablen Anfrage-Formular auf unserer Website kontaktieren. Wir senden Ihnen dann die Verf\u00fcgbarkeit der von Ihnen gew\u00e4hlten Angebote.<\/p>\n<p><strong>\u00a0<\/strong><\/p>\n<p><strong>K\u00f6nnen Sie auch ein Angebot laut unserer W\u00fcnsche zusammenstellen?<\/strong><\/p>\n<p>Ja, nat\u00fcrlich! Sie k\u00f6nnen uns eine E-Mail schreiben oder uns mit dem komfortablen Anfrage-Formular auf unserer Website kontaktieren. Wir stellen Ihnen dann ein auf Ihre W\u00fcnsche angefertigtes Angebot zusammen.<\/p>\n<p>&nbsp;<\/p>\n<p><strong>K\u00f6nnen wir auch mehrere Anfragen f\u00fcr unterschiedliche Unterk\u00fcnfte senden? <\/strong><\/p>\n<p>Ja, Sie k\u00f6nnen uns unterschiedliche Anfragen schicken, wir geben Ihnen dann alle Informationen zu den Unterk\u00fcnften die Sie interessieren. Danach k\u00f6nnen Sie zwischen den unterschiedlichen Angeboten w\u00e4hlen welches das Beste f\u00fcr Sie ist.<\/p>\n<p>&nbsp;<\/p>\n<p><strong>Wie k\u00f6nnen wir ein Angebot akzeptieren?<\/strong><\/p>\n<p>Nachdem Sie uns per Telefon oder E-Mail kontaktiert und ein Angebot akzeptiert haben, erhalten Sie ein E-Mail mit der Buchungsbest\u00e4tigung und einer Beschreibung der Zahlungsmodalit\u00e4ten.<\/p>\n<p>&nbsp;<\/p>\n<p><strong>Wie funktioniert die Zahlung? <\/strong><\/p>\n<p>Auf jede Reservierung eines Apartments oder Hotels folgt eine Anzahlung von 30% von dem Gesamtbetrag. Die 30% m\u00fcssen mit \u00dcberweisung oder Kreditkarte bezahlt werden. Der Rest von 70% von dem Gesamtbetrag muss bei Ihrer Ankunft in unserer Agentur oder direkt im Hotel mit der Kreditkarte oder in bar bezahlt werden.<\/p>\n<p>&nbsp;<\/p>\n<p><strong>Woher bekommen wir die Telefonnummer und E-Mail Adresse von dem Hotel\/Apartment?<\/strong><\/p>\n<p>Bei Ihrer Buchung werden alle Kontaktdaten des Hotels\/Apartments angef\u00fchrt, die Telefonnummer und E-Mail Adresse wird auch auf dem Voucher angef\u00fchrt.<\/p>\n<p>&nbsp;<\/p>\n<p><strong>Was passiert wenn wir gebucht haben, aber wir dann doch nicht kommen k\u00f6nnen?<\/strong><\/p>\n<p>Es ist m\u00f6glich jede Reservierung zu stornieren, allerdings verlieren Sie dann die bereits get\u00e4tigte Anzahlung.<\/p>\n<p>&nbsp;<\/p>\n<p><strong>Wenn wir ein Problem im Apartment haben, an wen k\u00f6nnen wir uns wenden?<\/strong><\/p>\n<p>Wenn Sie ein Apartment gebucht haben, k\u00f6nnen Sie sich immer an uns wenden. Unser Team steht Ihnen f\u00fcr alle Fragen, Informationen oder Probleme zur Verf\u00fcgung welche das Apartment betreffen. Wenn Sie ein Hotel gebucht habenm k\u00f6nnen Sie sich direkt an die Rezeption wenden.<\/p>\n<p>&nbsp;<\/p>\n<p><strong>Wo wird das Check-in gemacht?<\/strong><\/p>\n<p>Bei Ihrere Reservierung geben wir Ihnen auch den Ort bekannt wo das Check-in stattfindet. F\u00fcr die Apartments\/Villen ist das Check in normalerweise bei uns in der Agentur, f\u00fcr Hotels finden das Check-in direkt im Hotel statt.<\/p>\n<\/div><\/div><\/div>\n","protected":false},"excerpt":{"rendered":"<p>Hier finden Sie die h\u00e4ufigsten Fragen unserer Kunden. Wenn Sie hier keine Antwort auf Ihre Frage finden, z\u00f6gern Sie nicht uns zu kontaktieren! \u00a0 Sie k\u00f6nnen uns jeden Tag unter 0039 0963 611 78, 0039 338 791 55 77 und 0039 339 760 11 24. In den Sommermonaten sind wir von 9-23 Uhr ge\u00f6ffnet (im &hellip; <a href=\"https:\/\/staging.csttropea.it\/de\/faq\/\" class=\"more-link\">Continue reading <span class=\"screen-reader-text\">FAQ<\/span><\/a><\/p>\n","protected":false},"author":1,"featured_media":0,"parent":0,"menu_order":42,"comment_status":"closed","ping_status":"closed","template":"","meta":{"_monsterinsights_skip_tracking":false,"_monsterinsights_sitenote_active":false,"_monsterinsights_sitenote_note":"","_monsterinsights_sitenote_category":0,"footnotes":""},"class_list":["post-656","page","type-page","status-publish","hentry"],"yoast_head":"<!-- This site is optimized with the Yoast SEO plugin v27.1.1 - https:\/\/yoast.com\/product\/yoast-seo-wordpress\/ -->\n<title>FAQ - CST Tropea Staging<\/title>\n<meta name=\"description\" content=\"Hier finden Sie die h\u00e4ufigsten Fragen unserer Kunden. Wenn Sie hier keine Antwort auf Ihre Frage finden, z\u00f6gern Sie nicht uns zu kontaktieren! \u00a0 Sie\" \/>\n<meta name=\"robots\" content=\"noindex, follow, max-snippet:-1, max-image-preview:large, max-video-preview:-1\" \/>\n<meta property=\"og:locale\" content=\"de_DE\" \/>\n<meta property=\"og:type\" content=\"article\" \/>\n<meta property=\"og:title\" content=\"FAQ - CST Tropea Staging\" \/>\n<meta property=\"og:description\" content=\"Hier finden Sie die h\u00e4ufigsten Fragen unserer Kunden. Wenn Sie hier keine Antwort auf Ihre Frage finden, z\u00f6gern Sie nicht uns zu kontaktieren! \u00a0 Sie\" \/>\n<meta property=\"og:url\" content=\"https:\/\/staging.csttropea.it\/de\/faq\/\" \/>\n<meta property=\"og:site_name\" content=\"CST Tropea Staging\" \/>\n<meta property=\"article:publisher\" content=\"https:\/\/www.facebook.com\/CST-Travel-170035833192618\/\" \/>\n<meta property=\"article:modified_time\" content=\"2015-07-01T13:02:09+00:00\" \/>\n<meta name=\"twitter:label1\" content=\"Gesch\u00e4tzte Lesezeit\" \/>\n\t<meta name=\"twitter:data1\" content=\"6\u00a0Minuten\" \/>\n<script type=\"application\/ld+json\" class=\"yoast-schema-graph\">{\"@context\":\"https:\/\/schema.org\",\"@graph\":[{\"@type\":\"WebPage\",\"@id\":\"https:\/\/staging.csttropea.it\/de\/faq\/\",\"url\":\"https:\/\/staging.csttropea.it\/de\/faq\/\",\"name\":\"FAQ - CST Tropea Staging\",\"isPartOf\":{\"@id\":\"https:\/\/staging.csttropea.it\/#website\"},\"datePublished\":\"2015-01-30T15:42:51+00:00\",\"dateModified\":\"2015-07-01T13:02:09+00:00\",\"description\":\"Hier finden Sie die h\u00e4ufigsten Fragen unserer Kunden. Wenn Sie hier keine Antwort auf Ihre Frage finden, z\u00f6gern Sie nicht uns zu kontaktieren! \u00a0 Sie\",\"inLanguage\":\"de\",\"potentialAction\":[{\"@type\":\"ReadAction\",\"target\":[\"https:\/\/staging.csttropea.it\/de\/faq\/\"]}]},{\"@type\":\"WebSite\",\"@id\":\"https:\/\/staging.csttropea.it\/#website\",\"url\":\"https:\/\/staging.csttropea.it\/\",\"name\":\"CST Tropea Staging\",\"description\":\"\",\"potentialAction\":[{\"@type\":\"SearchAction\",\"target\":{\"@type\":\"EntryPoint\",\"urlTemplate\":\"https:\/\/staging.csttropea.it\/?s={search_term_string}\"},\"query-input\":{\"@type\":\"PropertyValueSpecification\",\"valueRequired\":true,\"valueName\":\"search_term_string\"}}],\"inLanguage\":\"de\"}]}<\/script>\n<!-- \/ Yoast SEO plugin. -->","yoast_head_json":{"title":"FAQ - CST Tropea Staging","description":"Hier finden Sie die h\u00e4ufigsten Fragen unserer Kunden. Wenn Sie hier keine Antwort auf Ihre Frage finden, z\u00f6gern Sie nicht uns zu kontaktieren! \u00a0 Sie","robots":{"index":"noindex","follow":"follow","max-snippet":"max-snippet:-1","max-image-preview":"max-image-preview:large","max-video-preview":"max-video-preview:-1"},"og_locale":"de_DE","og_type":"article","og_title":"FAQ - CST Tropea Staging","og_description":"Hier finden Sie die h\u00e4ufigsten Fragen unserer Kunden. Wenn Sie hier keine Antwort auf Ihre Frage finden, z\u00f6gern Sie nicht uns zu kontaktieren! \u00a0 Sie","og_url":"https:\/\/staging.csttropea.it\/de\/faq\/","og_site_name":"CST Tropea Staging","article_publisher":"https:\/\/www.facebook.com\/CST-Travel-170035833192618\/","article_modified_time":"2015-07-01T13:02:09+00:00","twitter_misc":{"Gesch\u00e4tzte Lesezeit":"6\u00a0Minuten"},"schema":{"@context":"https:\/\/schema.org","@graph":[{"@type":"WebPage","@id":"https:\/\/staging.csttropea.it\/de\/faq\/","url":"https:\/\/staging.csttropea.it\/de\/faq\/","name":"FAQ - CST Tropea Staging","isPartOf":{"@id":"https:\/\/staging.csttropea.it\/#website"},"datePublished":"2015-01-30T15:42:51+00:00","dateModified":"2015-07-01T13:02:09+00:00","description":"Hier finden Sie die h\u00e4ufigsten Fragen unserer Kunden. Wenn Sie hier keine Antwort auf Ihre Frage finden, z\u00f6gern Sie nicht uns zu kontaktieren! \u00a0 Sie","inLanguage":"de","potentialAction":[{"@type":"ReadAction","target":["https:\/\/staging.csttropea.it\/de\/faq\/"]}]},{"@type":"WebSite","@id":"https:\/\/staging.csttropea.it\/#website","url":"https:\/\/staging.csttropea.it\/","name":"CST Tropea Staging","description":"","potentialAction":[{"@type":"SearchAction","target":{"@type":"EntryPoint","urlTemplate":"https:\/\/staging.csttropea.it\/?s={search_term_string}"},"query-input":{"@type":"PropertyValueSpecification","valueRequired":true,"valueName":"search_term_string"}}],"inLanguage":"de"}]}},"_links":{"self":[{"href":"https:\/\/staging.csttropea.it\/de\/wp-json\/wp\/v2\/pages\/656","targetHints":{"allow":["GET"]}}],"collection":[{"href":"https:\/\/staging.csttropea.it\/de\/wp-json\/wp\/v2\/pages"}],"about":[{"href":"https:\/\/staging.csttropea.it\/de\/wp-json\/wp\/v2\/types\/page"}],"author":[{"embeddable":true,"href":"https:\/\/staging.csttropea.it\/de\/wp-json\/wp\/v2\/users\/1"}],"replies":[{"embeddable":true,"href":"https:\/\/staging.csttropea.it\/de\/wp-json\/wp\/v2\/comments?post=656"}],"version-history":[{"count":7,"href":"https:\/\/staging.csttropea.it\/de\/wp-json\/wp\/v2\/pages\/656\/revisions"}],"predecessor-version":[{"id":5802,"href":"https:\/\/staging.csttropea.it\/de\/wp-json\/wp\/v2\/pages\/656\/revisions\/5802"}],"wp:attachment":[{"href":"https:\/\/staging.csttropea.it\/de\/wp-json\/wp\/v2\/media?parent=656"}],"curies":[{"name":"wp","href":"https:\/\/api.w.org\/{rel}","templated":true}]}}