{"id":2,"date":"2015-01-29T15:27:05","date_gmt":"2015-01-29T15:27:05","guid":{"rendered":"http:\/\/www.csttropea.it\/?page_id=2"},"modified":"2025-02-17T11:33:06","modified_gmt":"2025-02-17T11:33:06","slug":"welcome","status":"publish","type":"page","link":"https:\/\/staging.csttropea.it\/de\/","title":{"rendered":"Entdecken  &#8211;  Faszinieren  &#8211;  Erleben"},"content":{"rendered":"<p>&nbsp;<\/p>\n<p>Willkommen in Kalabrien!<\/p>\n<p>Mediterrane Lebensfreude, t\u00fcrkisblaues Meer, historische Sch\u00e4tze, pulsierende St\u00e4dte und faszinierende Landschaften. Erleben Sie die Vielfalt Kalabriens und genie\u00dfen Sie einen unvergesslichen Aufenthalt im sonnigen S\u00fcden Italiens.<\/p>\n<p>Sie suchen ein besonderes Urlaubsdomizil, die exklusive Auszeit an einem Traumstrand oder Ideen f\u00fcr Reisen zu einem ganz besonderen Anlass?<\/p>\n<p>Wir sind darauf spezialisiert, f\u00fcr Sie ein massgeschneidertes Programm zu kreieren, das richtige Hotel, die passenden Aktivit\u00e4ten, den perfekt inszenierten Event oder au\u00dfergew\u00f6hnliche Incentives mit einer ordentlichen Prise Insiderwissen.<\/p>\n<p>Entdecken Sie mit uns unser Kalabrien und f\u00fchlen Sie sich hier wie zu Hause oder \u201ea casa\u201c wie wir hier sagen w\u00fcrden.<\/p>\n","protected":false},"excerpt":{"rendered":"<p>&nbsp; Willkommen in Kalabrien! Mediterrane Lebensfreude, t\u00fcrkisblaues Meer, historische Sch\u00e4tze, pulsierende St\u00e4dte und faszinierende Landschaften. Erleben Sie die Vielfalt Kalabriens und genie\u00dfen Sie einen unvergesslichen Aufenthalt im sonnigen S\u00fcden Italiens. Sie suchen ein besonderes Urlaubsdomizil, die exklusive Auszeit an einem Traumstrand oder Ideen f\u00fcr Reisen zu einem ganz besonderen Anlass? Wir sind darauf spezialisiert, f\u00fcr &hellip; <a href=\"https:\/\/staging.csttropea.it\/de\/\" class=\"more-link\">Continue reading <span class=\"screen-reader-text\">Entdecken  &#8211;  Faszinieren  &#8211;  Erleben<\/span><\/a><\/p>\n","protected":false},"author":1,"featured_media":9405,"parent":0,"menu_order":32,"comment_status":"open","ping_status":"open","template":"page-2.php","meta":{"_monsterinsights_skip_tracking":false,"_monsterinsights_sitenote_active":false,"_monsterinsights_sitenote_note":"","_monsterinsights_sitenote_category":0,"footnotes":""},"class_list":["post-2","page","type-page","status-publish","has-post-thumbnail","hentry"],"yoast_head":"<!-- This site is optimized with the Yoast SEO plugin v27.1.1 - https:\/\/yoast.com\/product\/yoast-seo-wordpress\/ -->\n<title>DMC Kalabrien f\u00fcr Eventplanung, Incentives, Hochzeiten - CST TROPEA<\/title>\n<meta name=\"description\" content=\"Entdecken Sie die besten Hotels und unvergessliche Erlebnisse in Kalabrien mit CST Tropea: ma\u00dfgeschneiderte Ausfl\u00fcge, Rundreisen, Eventplanung, Incentivereisen und traumhafte Hochzeiten. Unsere Experten begleiten Sie auf dem Weg zu Ihrer perfekten Reise nach Kalabrien.\" \/>\n<meta name=\"robots\" content=\"noindex, follow, max-snippet:-1, max-image-preview:large, max-video-preview:-1\" \/>\n<meta property=\"og:locale\" content=\"de_DE\" \/>\n<meta property=\"og:type\" content=\"article\" \/>\n<meta property=\"og:title\" content=\"DMC Kalabrien f\u00fcr Eventplanung, Incentives, Hochzeiten - CST TROPEA\" \/>\n<meta property=\"og:description\" content=\"Entdecken Sie die besten Hotels und unvergessliche Erlebnisse in Kalabrien mit CST Tropea: ma\u00dfgeschneiderte Ausfl\u00fcge, Rundreisen, Eventplanung, Incentivereisen und traumhafte Hochzeiten. Unsere Experten begleiten Sie auf dem Weg zu Ihrer perfekten Reise nach Kalabrien.\" \/>\n<meta property=\"og:url\" content=\"https:\/\/staging.csttropea.it\/de\/\" \/>\n<meta property=\"og:site_name\" content=\"CST Tropea Staging\" \/>\n<meta property=\"article:publisher\" content=\"https:\/\/www.facebook.com\/CST-Travel-170035833192618\/\" \/>\n<meta property=\"article:modified_time\" content=\"2025-02-17T11:33:06+00:00\" \/>\n<meta property=\"og:image\" content=\"https:\/\/staging.csttropea.it\/wp-content\/uploads\/2020\/07\/scopri-la-calabria-con-noi-1024x576.jpg\" \/>\n\t<meta property=\"og:image:width\" content=\"1024\" \/>\n\t<meta property=\"og:image:height\" content=\"576\" \/>\n\t<meta property=\"og:image:type\" content=\"image\/jpeg\" \/>\n<meta name=\"twitter:label1\" content=\"Gesch\u00e4tzte Lesezeit\" \/>\n\t<meta name=\"twitter:data1\" content=\"1\u00a0Minute\" \/>\n<script type=\"application\/ld+json\" class=\"yoast-schema-graph\">{\"@context\":\"https:\/\/schema.org\",\"@graph\":[{\"@type\":\"WebPage\",\"@id\":\"https:\/\/staging.csttropea.it\/de\/\",\"url\":\"https:\/\/staging.csttropea.it\/de\/\",\"name\":\"DMC Kalabrien f\u00fcr Eventplanung, Incentives, Hochzeiten - CST TROPEA\",\"isPartOf\":{\"@id\":\"https:\/\/staging.csttropea.it\/#website\"},\"primaryImageOfPage\":{\"@id\":\"https:\/\/staging.csttropea.it\/de\/#primaryimage\"},\"image\":{\"@id\":\"https:\/\/staging.csttropea.it\/de\/#primaryimage\"},\"thumbnailUrl\":\"https:\/\/staging.csttropea.it\/wp-content\/uploads\/2020\/07\/scopri-la-calabria-con-noi.jpg\",\"datePublished\":\"2015-01-29T15:27:05+00:00\",\"dateModified\":\"2025-02-17T11:33:06+00:00\",\"description\":\"Entdecken Sie die besten Hotels und unvergessliche Erlebnisse in Kalabrien mit CST Tropea: ma\u00dfgeschneiderte Ausfl\u00fcge, Rundreisen, Eventplanung, Incentivereisen und traumhafte Hochzeiten. Unsere Experten begleiten Sie auf dem Weg zu Ihrer perfekten Reise nach Kalabrien.\",\"inLanguage\":\"de\",\"potentialAction\":[{\"@type\":\"ReadAction\",\"target\":[\"https:\/\/staging.csttropea.it\/de\/\"]}]},{\"@type\":\"ImageObject\",\"inLanguage\":\"de\",\"@id\":\"https:\/\/staging.csttropea.it\/de\/#primaryimage\",\"url\":\"https:\/\/staging.csttropea.it\/wp-content\/uploads\/2020\/07\/scopri-la-calabria-con-noi.jpg\",\"contentUrl\":\"https:\/\/staging.csttropea.it\/wp-content\/uploads\/2020\/07\/scopri-la-calabria-con-noi.jpg\",\"width\":2560,\"height\":1440,\"caption\":\"Aerial view of beautiful Calabria coastline, Italy.\"},{\"@type\":\"WebSite\",\"@id\":\"https:\/\/staging.csttropea.it\/#website\",\"url\":\"https:\/\/staging.csttropea.it\/\",\"name\":\"CST Tropea Staging\",\"description\":\"\",\"potentialAction\":[{\"@type\":\"SearchAction\",\"target\":{\"@type\":\"EntryPoint\",\"urlTemplate\":\"https:\/\/staging.csttropea.it\/?s={search_term_string}\"},\"query-input\":{\"@type\":\"PropertyValueSpecification\",\"valueRequired\":true,\"valueName\":\"search_term_string\"}}],\"inLanguage\":\"de\"}]}<\/script>\n<!-- \/ Yoast SEO plugin. -->","yoast_head_json":{"title":"DMC Kalabrien f\u00fcr Eventplanung, Incentives, Hochzeiten - CST TROPEA","description":"Entdecken Sie die besten Hotels und unvergessliche Erlebnisse in Kalabrien mit CST Tropea: ma\u00dfgeschneiderte Ausfl\u00fcge, Rundreisen, Eventplanung, Incentivereisen und traumhafte Hochzeiten. Unsere Experten begleiten Sie auf dem Weg zu Ihrer perfekten Reise nach Kalabrien.","robots":{"index":"noindex","follow":"follow","max-snippet":"max-snippet:-1","max-image-preview":"max-image-preview:large","max-video-preview":"max-video-preview:-1"},"og_locale":"de_DE","og_type":"article","og_title":"DMC Kalabrien f\u00fcr Eventplanung, Incentives, Hochzeiten - CST TROPEA","og_description":"Entdecken Sie die besten Hotels und unvergessliche Erlebnisse in Kalabrien mit CST Tropea: ma\u00dfgeschneiderte Ausfl\u00fcge, Rundreisen, Eventplanung, Incentivereisen und traumhafte Hochzeiten. Unsere Experten begleiten Sie auf dem Weg zu Ihrer perfekten Reise nach Kalabrien.","og_url":"https:\/\/staging.csttropea.it\/de\/","og_site_name":"CST Tropea Staging","article_publisher":"https:\/\/www.facebook.com\/CST-Travel-170035833192618\/","article_modified_time":"2025-02-17T11:33:06+00:00","og_image":[{"width":1024,"height":576,"url":"https:\/\/staging.csttropea.it\/wp-content\/uploads\/2020\/07\/scopri-la-calabria-con-noi-1024x576.jpg","type":"image\/jpeg"}],"twitter_misc":{"Gesch\u00e4tzte Lesezeit":"1\u00a0Minute"},"schema":{"@context":"https:\/\/schema.org","@graph":[{"@type":"WebPage","@id":"https:\/\/staging.csttropea.it\/de\/","url":"https:\/\/staging.csttropea.it\/de\/","name":"DMC Kalabrien f\u00fcr Eventplanung, Incentives, Hochzeiten - CST TROPEA","isPartOf":{"@id":"https:\/\/staging.csttropea.it\/#website"},"primaryImageOfPage":{"@id":"https:\/\/staging.csttropea.it\/de\/#primaryimage"},"image":{"@id":"https:\/\/staging.csttropea.it\/de\/#primaryimage"},"thumbnailUrl":"https:\/\/staging.csttropea.it\/wp-content\/uploads\/2020\/07\/scopri-la-calabria-con-noi.jpg","datePublished":"2015-01-29T15:27:05+00:00","dateModified":"2025-02-17T11:33:06+00:00","description":"Entdecken Sie die besten Hotels und unvergessliche Erlebnisse in Kalabrien mit CST Tropea: ma\u00dfgeschneiderte Ausfl\u00fcge, Rundreisen, Eventplanung, Incentivereisen und traumhafte Hochzeiten. Unsere Experten begleiten Sie auf dem Weg zu Ihrer perfekten Reise nach Kalabrien.","inLanguage":"de","potentialAction":[{"@type":"ReadAction","target":["https:\/\/staging.csttropea.it\/de\/"]}]},{"@type":"ImageObject","inLanguage":"de","@id":"https:\/\/staging.csttropea.it\/de\/#primaryimage","url":"https:\/\/staging.csttropea.it\/wp-content\/uploads\/2020\/07\/scopri-la-calabria-con-noi.jpg","contentUrl":"https:\/\/staging.csttropea.it\/wp-content\/uploads\/2020\/07\/scopri-la-calabria-con-noi.jpg","width":2560,"height":1440,"caption":"Aerial view of beautiful Calabria coastline, Italy."},{"@type":"WebSite","@id":"https:\/\/staging.csttropea.it\/#website","url":"https:\/\/staging.csttropea.it\/","name":"CST Tropea Staging","description":"","potentialAction":[{"@type":"SearchAction","target":{"@type":"EntryPoint","urlTemplate":"https:\/\/staging.csttropea.it\/?s={search_term_string}"},"query-input":{"@type":"PropertyValueSpecification","valueRequired":true,"valueName":"search_term_string"}}],"inLanguage":"de"}]}},"_links":{"self":[{"href":"https:\/\/staging.csttropea.it\/de\/wp-json\/wp\/v2\/pages\/2","targetHints":{"allow":["GET"]}}],"collection":[{"href":"https:\/\/staging.csttropea.it\/de\/wp-json\/wp\/v2\/pages"}],"about":[{"href":"https:\/\/staging.csttropea.it\/de\/wp-json\/wp\/v2\/types\/page"}],"author":[{"embeddable":true,"href":"https:\/\/staging.csttropea.it\/de\/wp-json\/wp\/v2\/users\/1"}],"replies":[{"embeddable":true,"href":"https:\/\/staging.csttropea.it\/de\/wp-json\/wp\/v2\/comments?post=2"}],"version-history":[{"count":6,"href":"https:\/\/staging.csttropea.it\/de\/wp-json\/wp\/v2\/pages\/2\/revisions"}],"predecessor-version":[{"id":532,"href":"https:\/\/staging.csttropea.it\/de\/wp-json\/wp\/v2\/pages\/2\/revisions\/532"}],"wp:featuredmedia":[{"embeddable":true,"href":"https:\/\/staging.csttropea.it\/de\/wp-json\/wp\/v2\/media\/9405"}],"wp:attachment":[{"href":"https:\/\/staging.csttropea.it\/de\/wp-json\/wp\/v2\/media?parent=2"}],"curies":[{"name":"wp","href":"https:\/\/api.w.org\/{rel}","templated":true}]}}